{"id":376,"date":"2025-02-03T13:29:26","date_gmt":"2025-02-03T13:29:26","guid":{"rendered":"https:\/\/xn--kampfsport-angermnde-5ec.de\/?page_id=376"},"modified":"2025-02-03T13:29:26","modified_gmt":"2025-02-03T13:29:26","slug":"impressum","status":"publish","type":"page","link":"https:\/\/xn--kampfsport-angermnde-5ec.de\/?page_id=376","title":{"rendered":"Impressum"},"content":{"rendered":"\n<ul class=\"wp-block-list\">\n<li>Kampfsport Angerm\u00fcnde e.V.<\/li>\n<\/ul>\n\n\n\n<ul class=\"wp-block-list\">\n<li>Weinbergstr. 9<\/li>\n<\/ul>\n\n\n\n<ul class=\"wp-block-list\">\n<li>16248 Lunow-Stolzenhagen<\/li>\n<\/ul>\n\n\n\n<p><\/p>\n\n\n\n<p>Vorsitzender: Mario Gesche<\/p>\n\n\n\n<p>Stellvertreter: Rene&#8216; T\u00f6pfer<\/p>\n\n\n\n<p>Kassierer: Anja Behnke<\/p>\n\n\n\n<p><\/p>\n\n\n\n<p>Tel.: 0170 8828951<\/p>\n\n\n\n<p>E-Mail: info@xn--kampfsport-angermnde-5ec.de<\/p>\n\n\n\n<p>Internet: <a href=\"https:\/\/xn--kampfsport-angermnde-5ec.de\/\">www.kampfsport-angerm\u00fcnde.de<\/a><\/p>\n\n\n\n<p>Registergericht: Amtsgericht Neuruppin<\/p>\n\n\n\n<p>Registernummer: VR 4529<\/p>\n\n\n\n<p>Verantwortlich f\u00fcr den Inhalt: <\/p>\n\n\n\n<p>Vorsitzender: Mario Gesche<\/p>\n\n\n\n<p>Stellvertreter: Rene&#8216; T\u00f6pfer<\/p>\n\n\n\n<p>Kassierer: Anja Behnke<\/p>\n\n\n\n<p>Mitglied: Tobias Marquardt<\/p>\n\n\n\n<p style=\"text-decoration:underline\">Haftungsausschluss<\/p>\n\n\n\n<h4 class=\"wp-block-heading has-medium-font-size\">Haftung f\u00fcr Inhalte<\/h4>\n\n\n\n<p>Die Inhalte dieser Seiten wurden mit gr\u00f6\u00dfter Sorgfalt erstellt. Jedoch k\u00f6nnen wir f\u00fcr die Richtigkeit, Vollst\u00e4ndigkeit und Aktualit\u00e4t der Inhalte keine Gew\u00e4hr \u00fcbernehmen.<br>Gem\u00e4\u00df \u00a7 7 des Telemediengesetzes (TMG) sind wir als Diensteanbieter f\u00fcr eigene Informationen, die wir zur Nutzung bereithalten, nach den allgemeinen Gesetzen verantwortlich. Im Sinne der \u00a7\u00a7 8 bis 10 sind wir nicht verpflichtet, die von ihnen \u00fcbermittelten oder gespeicherten Informationen zu \u00fcberwachen oder nach Umst\u00e4nden zu forschen, die auf eine rechtswidrige T\u00e4tigkeit hinweisen. Verpflichtungen zur Entfernung oder Sperrung der Nutzung von Informationen nach den allgemeinen Gesetzen bleiben auch im Falle der Nichtverantwortlichkeit des Diensteanbieters nach den \u00a7\u00a7 8 bis 10 unber\u00fchrt. Das Fernmeldegeheimnis nach \u00a7 88 des Telekommunikationsgesetzes ist zu wahren.<\/p>\n\n\n\n<h4 class=\"wp-block-heading has-medium-font-size\">Haftung f\u00fcr Links<\/h4>\n\n\n\n<p>F\u00fcr Links, die zu externen Webseiten Dritter f\u00fchren und auf deren Inhalt wir keinen Einfluss haben, \u00fcbernehmen wir keine Gew\u00e4hr f\u00fcr deren Inhalte. F\u00fcr diese Inhalte sind ausschlie\u00dflich die jeweiligen Betreiber der Seiten verantwortlich. Zum Zeitpunkt der Verlinkung wurden die Seiten auf m\u00f6gliche rechtliche Verst\u00f6\u00dfe gepr\u00fcft und es waren keine rechtswidrigen Inhalte zu diesem Zeitpunkt erkennbar. Eine permanente \u00dcberpr\u00fcfung der Inhalte auf den verlinkten Seiten ist nicht zumutbar. Bei Bekanntwerden von Rechtsverletzungen werden die Links zu diesen Inhalten umgehend entfernt.<\/p>\n\n\n\n<h4 class=\"wp-block-heading has-medium-font-size\">Urheberrecht<\/h4>\n\n\n\n<p>Die durch uns erstellten Inhalte und Werke auf diesen Seiten unterliegen dem deutschen Urheberrecht. Beitr\u00e4ge Dritter sind als solche gekennzeichnet. Jegliche Vervielf\u00e4ltigung und Bearbeitungen sowie die Verbreitung der Inhalte au\u00dferhalb des Urheberrechts bed\u00fcrfen einer schriftlichen Zustimmung des jeweiligen Autors. Die ausschlie\u00dflich private, nicht \u00f6ffentliche und nicht kommerzielle Nutzung, einschlie\u00dflich Download und Kopieren von Inhalten der Seiten ist gestattet.<br>Wir selbst greifen bei der Erstellung von Inhalten, gem\u00e4\u00df dem deutschen Urheberrecht, nur auf lizenzfreie Werke, erworbene lizenzierte Werke bzw. durch uns erstellte zur\u00fcck.<\/p>\n\n\n\n<h4 class=\"wp-block-heading has-medium-font-size\">Datenschutz<\/h4>\n\n\n\n<p>Personenbezogen Daten auf diesen Seiten wurden auf freiwilliger Basis ver\u00f6ffentlicht.<br>Daten\u00fcbertragungen \u00fcber das Internet, wie z.&nbsp;B. E-Mail k\u00f6nnen Sicherheitsl\u00fccken aufweisen. Ein l\u00fcckenfreier Schutz von Information und Daten vor dem Zugriff durch Dritte kann nicht gew\u00e4hrleistet werden.<\/p>\n\n\n\n<p>Der Nutzung der im Rahmen der Impressumspflicht ver\u00f6ffentlichten Kontaktdaten durch Dritte, f\u00fcr die \u00dcbersendung von nicht ausdr\u00fccklich angeforderter Werbung und Informationsmaterialien, wird hiermit ausdr\u00fccklich widersprochen. Wir als Betreiber der Seiten behalten uns ausdr\u00fccklich rechtliche Schritte im Falle der unverlangten Zusendung von Werbeinformationen, etwa durch Spam-Mails oder \u00c4hnlichen, vor.<\/p>\n","protected":false},"excerpt":{"rendered":"<p>Vorsitzender: Mario Gesche Stellvertreter: Rene&#8216; T\u00f6pfer Kassierer: Anja Behnke Tel.: 0170 8828951 E-Mail: info@xn--kampfsport-angermnde-5ec.de Internet: www.kampfsport-angerm\u00fcnde.de Registergericht: Amtsgericht Neuruppin Registernummer: VR 4529 Verantwortlich f\u00fcr den Inhalt: Vorsitzender: Mario Gesche Stellvertreter: [&hellip;]<\/p>\n","protected":false},"author":9,"featured_media":0,"parent":0,"menu_order":0,"comment_status":"closed","ping_status":"closed","template":"","meta":{"_EventAllDay":false,"_EventTimezone":"","_EventStartDate":"","_EventEndDate":"","_EventStartDateUTC":"","_EventEndDateUTC":"","_EventShowMap":false,"_EventShowMapLink":false,"_EventURL":"","_EventCost":"","_EventCostDescription":"","_EventCurrencySymbol":"","_EventCurrencyCode":"","_EventCurrencyPosition":"","_EventDateTimeSeparator":"","_EventTimeRangeSeparator":"","_EventOrganizerID":[],"_EventVenueID":[],"_OrganizerEmail":"","_OrganizerPhone":"","_OrganizerWebsite":"","_VenueAddress":"","_VenueCity":"","_VenueCountry":"","_VenueProvince":"","_VenueState":"","_VenueZip":"","_VenuePhone":"","_VenueURL":"","_VenueStateProvince":"","_VenueLat":"","_VenueLng":"","_VenueShowMap":false,"_VenueShowMapLink":false,"footnotes":""},"class_list":["post-376","page","type-page","status-publish","hentry"],"jetpack_sharing_enabled":true,"_links":{"self":[{"href":"https:\/\/xn--kampfsport-angermnde-5ec.de\/index.php?rest_route=\/wp\/v2\/pages\/376","targetHints":{"allow":["GET"]}}],"collection":[{"href":"https:\/\/xn--kampfsport-angermnde-5ec.de\/index.php?rest_route=\/wp\/v2\/pages"}],"about":[{"href":"https:\/\/xn--kampfsport-angermnde-5ec.de\/index.php?rest_route=\/wp\/v2\/types\/page"}],"author":[{"embeddable":true,"href":"https:\/\/xn--kampfsport-angermnde-5ec.de\/index.php?rest_route=\/wp\/v2\/users\/9"}],"replies":[{"embeddable":true,"href":"https:\/\/xn--kampfsport-angermnde-5ec.de\/index.php?rest_route=%2Fwp%2Fv2%2Fcomments&post=376"}],"version-history":[{"count":1,"href":"https:\/\/xn--kampfsport-angermnde-5ec.de\/index.php?rest_route=\/wp\/v2\/pages\/376\/revisions"}],"predecessor-version":[{"id":378,"href":"https:\/\/xn--kampfsport-angermnde-5ec.de\/index.php?rest_route=\/wp\/v2\/pages\/376\/revisions\/378"}],"wp:attachment":[{"href":"https:\/\/xn--kampfsport-angermnde-5ec.de\/index.php?rest_route=%2Fwp%2Fv2%2Fmedia&parent=376"}],"curies":[{"name":"wp","href":"https:\/\/api.w.org\/{rel}","templated":true}]}}