{"id":2,"date":"2008-03-17T18:18:28","date_gmt":"2008-03-17T18:18:28","guid":{"rendered":"http:\/\/xn--kampfsport-angermnde-5ec.de\/"},"modified":"2025-09-10T10:04:04","modified_gmt":"2025-09-10T10:04:04","slug":"eine-seite","status":"publish","type":"page","link":"https:\/\/xn--kampfsport-angermnde-5ec.de\/","title":{"rendered":"\u00a0Kampfsport Angerm\u00fcnde"},"content":{"rendered":"<h2 style=\"text-align: center;\">Wir machen Selbstverteidigung.<\/h2>\n<p>\u00a0<\/p>\n<p style=\"text-align: center;\"><a href=\"http:\/\/xn--kampfsport-angermnde-5ec.de\/wp-content\/Vereinslogo_KSportAngermuende.jpg\"><img loading=\"lazy\" decoding=\"async\" class=\"alignnone size-medium wp-image-108\" src=\"http:\/\/xn--kampfsport-angermnde-5ec.de\/wp-content\/Vereinslogo_KSportAngermuende-300x300.jpg\" alt=\"Vereinslogo_KSportAngermuende\" width=\"300\" height=\"300\" srcset=\"https:\/\/xn--kampfsport-angermnde-5ec.de\/wp-content\/Vereinslogo_KSportAngermuende-300x300.jpg 300w, https:\/\/xn--kampfsport-angermnde-5ec.de\/wp-content\/Vereinslogo_KSportAngermuende-150x150.jpg 150w, https:\/\/xn--kampfsport-angermnde-5ec.de\/wp-content\/Vereinslogo_KSportAngermuende-184x184.jpg 184w, https:\/\/xn--kampfsport-angermnde-5ec.de\/wp-content\/Vereinslogo_KSportAngermuende-100x100.jpg 100w, https:\/\/xn--kampfsport-angermnde-5ec.de\/wp-content\/Vereinslogo_KSportAngermuende.jpg 652w\" sizes=\"auto, (max-width: 300px) 100vw, 300px\" \/><\/a><\/p>\n<p><strong>Inhaltliche Ausrichtung<\/strong><\/p>\n<p>Wir betreiben die Stilrichtung\u00a0<strong>Selbstverteidigung<\/strong>\u00a0nach einem eigenen unabh\u00e4ngigen Pr\u00fcfungssystem. Unsere inhaltliche Ausrichtung basiert dabei auf verschiedenen Techniken aus den Kampfsport-Disziplinen Ju-Jutsu, Karate, Judo und Boxen. Auch Methoden aus dem Stra\u00dfenkampf kommen zur Anwendung. Wir verzichten auf eine Kata-Ausbildung, wie sie im klassischen Karate \u00fcblich ist.<\/p>\n<p>Die Bewertung erfolgt nach einem eigenen G\u00fcrtelsystem von f\u00fcnf Sch\u00fclergraden &#8222;Kyu&#8220; und einem Meistergrad &#8222;Dan&#8220;.<\/p>\n<p>Die Teilnahme am G\u00fcrtelsystem ist freiwillig und versteht sich als Erg\u00e4nzung zu unserem Selbstverteidigungs-Repertoire. Sie ist f\u00fcr das Erlernen der effektiven SV-Techniken nicht notwendig.<\/p>\n<p><strong>Selbstverteidigung<\/strong> hat wenig mit klassischer Kampf-&#8222;Kunst&#8220; zu tun. Bei uns\u00a0ordnet sich alles dem wichtigsten Ziel unter: Einen k\u00f6rperlich \u00fcberlegenen und\u00a0h\u00e4ufig unfairen\u00a0Gegner effektiv abzuwehren, in seine Schranken zu weisen und damit die eigene Gesundheit zu sch\u00fctzen.<\/p>\n<p>Naturgem\u00e4\u00df spielen beim Wunsch nach Selbstverteidigung Alter und Geschlecht kaum eine Rolle. Das Bed\u00fcrfnis, sich verteidigen zu k\u00f6nnen, wenn es darauf ankommt, hat jeder.\u00a0Unser Trainingsangebot richtet sich deshalb ebenso an M\u00e4dchen, Frauen, Senioren,\u00a0Jugendliche und \u00a0Kinder.<\/p>\n<p><strong>\u00dcber uns<\/strong><\/p>\n<p>Wir trainieren vor allem aus Spa\u00df am Kampfsport. &#8222;Ganz nebenbei&#8220; geht es auch um k\u00f6rperliche Fitness.<\/p>\n<p>Neben unserem vorgegebenen inhaltlichen Rahmen sind wir offen f\u00fcr andere Stilrichtungen und Einfl\u00fcsse. Priorit\u00e4t hat die Praxistauglichkeit der Techniken.<\/p>\n<p>Bei der Auswahl der Techniken legen wir Wert darauf, dass sie f\u00fcr &#8222;Normalb\u00fcrger&#8220;, das sind in der Regel k\u00f6rperlich weniger leistungsf\u00e4hige Menschen, praktikabel sind. Etwas Kraft, Ausdauer, Schnelligkeit und Gelenkigkeit werden schon ben\u00f6tigt, aber zuviel davon schadet eher und kann fehlende \u00dcbung erst recht nicht ersetzen.<\/p>\n<p>Um die Mitgliedsbeitr\u00e4ge f\u00fcr unser Training niedrig zu halten, verzichten wir auf eine Mitgliedschaft in einem Kampfsport-Dachverband. Auch Wettk\u00e4mpfe sind in unserem Trainingsplan nicht\u00a0vorgesehen.<\/p>\n<p>Wir verstehen unser Training als stressfreien Ausgleich zu einem hektischen Berufs- und Familienleben bzw. Schulalltag. Das Vereinsleben muss sich dem Alltag unserer Mitglieder unterordnen und sollte keine zus\u00e4tzliche Belastung darstellen.<\/p>\n<p>Lust auf Probetraining? Komm einfach mal vorbei, wir freuen uns auf Dich!<\/p>\n<p>Angerm\u00fcnde, Dezember 2019<\/p>\n\n\n<p><\/p>\n","protected":false},"excerpt":{"rendered":"<p>Wir machen Selbstverteidigung. \u00a0 Inhaltliche Ausrichtung Wir betreiben die Stilrichtung\u00a0Selbstverteidigung\u00a0nach einem eigenen unabh\u00e4ngigen Pr\u00fcfungssystem. Unsere inhaltliche Ausrichtung basiert dabei auf verschiedenen Techniken aus den Kampfsport-Disziplinen Ju-Jutsu, Karate, Judo und Boxen. [&hellip;]<\/p>\n","protected":false},"author":8,"featured_media":0,"parent":0,"menu_order":0,"comment_status":"open","ping_status":"closed","template":"","meta":{"_EventAllDay":false,"_EventTimezone":"","_EventStartDate":"","_EventEndDate":"","_EventStartDateUTC":"","_EventEndDateUTC":"","_EventShowMap":false,"_EventShowMapLink":false,"_EventURL":"","_EventCost":"","_EventCostDescription":"","_EventCurrencySymbol":"","_EventCurrencyCode":"","_EventCurrencyPosition":"","_EventDateTimeSeparator":"","_EventTimeRangeSeparator":"","_EventOrganizerID":[],"_EventVenueID":[],"_OrganizerEmail":"","_OrganizerPhone":"","_OrganizerWebsite":"","_VenueAddress":"","_VenueCity":"","_VenueCountry":"","_VenueProvince":"","_VenueState":"","_VenueZip":"","_VenuePhone":"","_VenueURL":"","_VenueStateProvince":"","_VenueLat":"","_VenueLng":"","_VenueShowMap":false,"_VenueShowMapLink":false,"footnotes":""},"class_list":["post-2","page","type-page","status-publish","hentry"],"jetpack_sharing_enabled":true,"_links":{"self":[{"href":"https:\/\/xn--kampfsport-angermnde-5ec.de\/index.php?rest_route=\/wp\/v2\/pages\/2","targetHints":{"allow":["GET"]}}],"collection":[{"href":"https:\/\/xn--kampfsport-angermnde-5ec.de\/index.php?rest_route=\/wp\/v2\/pages"}],"about":[{"href":"https:\/\/xn--kampfsport-angermnde-5ec.de\/index.php?rest_route=\/wp\/v2\/types\/page"}],"author":[{"embeddable":true,"href":"https:\/\/xn--kampfsport-angermnde-5ec.de\/index.php?rest_route=\/wp\/v2\/users\/8"}],"replies":[{"embeddable":true,"href":"https:\/\/xn--kampfsport-angermnde-5ec.de\/index.php?rest_route=%2Fwp%2Fv2%2Fcomments&post=2"}],"version-history":[{"count":75,"href":"https:\/\/xn--kampfsport-angermnde-5ec.de\/index.php?rest_route=\/wp\/v2\/pages\/2\/revisions"}],"predecessor-version":[{"id":417,"href":"https:\/\/xn--kampfsport-angermnde-5ec.de\/index.php?rest_route=\/wp\/v2\/pages\/2\/revisions\/417"}],"wp:attachment":[{"href":"https:\/\/xn--kampfsport-angermnde-5ec.de\/index.php?rest_route=%2Fwp%2Fv2%2Fmedia&parent=2"}],"curies":[{"name":"wp","href":"https:\/\/api.w.org\/{rel}","templated":true}]}}